{"id":7,"date":"2024-07-13T16:43:02","date_gmt":"2024-07-13T14:43:02","guid":{"rendered":"https:\/\/lokd-games.com\/?page_id=7"},"modified":"2024-10-20T22:21:09","modified_gmt":"2024-10-20T21:21:09","slug":"accueil","status":"publish","type":"page","link":"https:\/\/lokd-games.com\/","title":{"rendered":"Accueil"},"content":{"rendered":"\n<div class=\"wp-block-uagb-container uagb-block-25df509e alignfull uagb-is-root-container\"><div class=\"uagb-container-inner-blocks-wrap\">\n<figure class=\"wp-block-image aligncenter size-large\"><img loading=\"lazy\" decoding=\"async\" width=\"1024\" height=\"529\" src=\"https:\/\/lokd-games.com\/wp-content\/uploads\/2024\/10\/home-banner-1024x529.png\" alt=\"\" class=\"wp-image-161\" srcset=\"https:\/\/lokd-games.com\/wp-content\/uploads\/2024\/10\/home-banner-1024x529.png 1024w, https:\/\/lokd-games.com\/wp-content\/uploads\/2024\/10\/home-banner-300x155.png 300w, https:\/\/lokd-games.com\/wp-content\/uploads\/2024\/10\/home-banner-768x397.png 768w, https:\/\/lokd-games.com\/wp-content\/uploads\/2024\/10\/home-banner.png 1200w\" sizes=\"auto, (max-width: 1024px) 100vw, 1024px\" \/><\/figure>\n\n\n\n<h2 class=\"wp-block-heading has-text-align-center\">IL FAUT SAUVER LE MONDE<\/h2>\n\n\n\n<p class=\"has-text-align-center has-ast-global-color-5-color has-text-color has-link-color has-medium-font-size wp-elements-d71288be9e7dc9c041626d44ea7ef994\">Un escape game en format livre interactif, rempli d&#8217;\u00e9nigmes \u00e0 r\u00e9soudre seul ou en groupe.<\/p>\n\n\n\n<div class=\"wp-block-uagb-buttons uagb-buttons__outer-wrap uagb-btn__default-btn uagb-btn-tablet__default-btn uagb-btn-mobile__default-btn uagb-block-3684ec0d\"><div class=\"uagb-buttons__wrap uagb-buttons-layout-wrap \">\n<div class=\"wp-block-uagb-buttons-child uagb-buttons__outer-wrap uagb-block-5aa28cbe wp-block-button\"><div class=\"uagb-button__wrapper\"><a class=\"uagb-buttons-repeater wp-block-button__link\" aria-label=\"\" href=\"https:\/\/www.amazon.fr\/faut-sauver-monde-interactive-casse-t%C3%AAtes\/dp\/B0DK7814DZ\/ref=sr_1_8?__mk_fr_FR=%C3%85M%C3%85%C5%BD%C3%95%C3%91&amp;crid=TNE738IBUC2F&amp;dib=eyJ2IjoiMSJ9.oEJc3YCqiGWSqWBy7Z0alboFybyOfWSTL84GohP5qq2wXux-l8miVRlTDWuzH4CfYR1HnkAhKDoYJD8JGZ3yfTPF8LGcHjG5gmpiKIz152rxc5w3qM-z1jmZsUNgc__8hbM9uqL317oRYZhxlGitl-ZPAxv8uDsGPDw8l8AWiTXeJ5FZKBxXRsmqIVhjtzAOh3iXsmNAGmlYk-i5jTC8yiVK3LV7DM49S8evtWZJAb_UbbEwJos26uhUuaIC1rtjnEKPksgF2arwLJ0rWDE0yco3SFT1kOTa8SIB4fefTkk.k5zUxuKcy9sKJLv20EVjT_bmNbWg1EnANSpz3n1X-bU&amp;dib_tag=se&amp;keywords=Escape+game+pour+ados&amp;qid=1729333883&amp;sp\" rel=\"follow noopener\" target=\"_blank\" role=\"button\"><div class=\"uagb-button__link\">D\u00e9couvrir le livre<\/div><\/a><\/div><\/div>\n<\/div><\/div>\n<\/div><\/div>\n\n\n\n<div class=\"wp-block-uagb-container uagb-block-265c0433 alignfull uagb-is-root-container\"><div class=\"uagb-container-inner-blocks-wrap\">\n<p class=\"has-text-align-center section-title\">Comment \u00e7a marche ?<\/p>\n<\/div><\/div>\n\n\n\n<div class=\"wp-block-uagb-container uagb-block-fca20610 alignfull uagb-is-root-container\"><div class=\"uagb-container-inner-blocks-wrap\">\n<figure class=\"wp-block-image aligncenter size-full\"><img loading=\"lazy\" decoding=\"async\" width=\"1024\" height=\"500\" src=\"https:\/\/lokd-games.com\/wp-content\/uploads\/2024\/10\/slide-01.png\" alt=\"\" class=\"wp-image-176\" srcset=\"https:\/\/lokd-games.com\/wp-content\/uploads\/2024\/10\/slide-01.png 1024w, https:\/\/lokd-games.com\/wp-content\/uploads\/2024\/10\/slide-01-300x146.png 300w, https:\/\/lokd-games.com\/wp-content\/uploads\/2024\/10\/slide-01-768x375.png 768w\" sizes=\"auto, (max-width: 1024px) 100vw, 1024px\" \/><\/figure>\n<\/div><\/div>\n\n\n\n<div class=\"wp-block-uagb-container uagb-block-73e20a4a alignfull uagb-is-root-container\"><div class=\"uagb-container-inner-blocks-wrap\">\n<figure class=\"wp-block-image aligncenter size-full\"><img loading=\"lazy\" decoding=\"async\" width=\"1024\" height=\"500\" src=\"https:\/\/lokd-games.com\/wp-content\/uploads\/2024\/10\/slide-02.png\" alt=\"\" class=\"wp-image-163\" srcset=\"https:\/\/lokd-games.com\/wp-content\/uploads\/2024\/10\/slide-02.png 1024w, https:\/\/lokd-games.com\/wp-content\/uploads\/2024\/10\/slide-02-300x146.png 300w, https:\/\/lokd-games.com\/wp-content\/uploads\/2024\/10\/slide-02-768x375.png 768w\" sizes=\"auto, (max-width: 1024px) 100vw, 1024px\" \/><\/figure>\n<\/div><\/div>\n\n\n\n<div class=\"wp-block-uagb-container uagb-block-1d914181 alignfull uagb-is-root-container\"><div class=\"uagb-container-inner-blocks-wrap\">\n<figure class=\"wp-block-image aligncenter size-full\"><img loading=\"lazy\" decoding=\"async\" width=\"1024\" height=\"500\" src=\"https:\/\/lokd-games.com\/wp-content\/uploads\/2024\/10\/slide-03.png\" alt=\"\" class=\"wp-image-164\" srcset=\"https:\/\/lokd-games.com\/wp-content\/uploads\/2024\/10\/slide-03.png 1024w, https:\/\/lokd-games.com\/wp-content\/uploads\/2024\/10\/slide-03-300x146.png 300w, https:\/\/lokd-games.com\/wp-content\/uploads\/2024\/10\/slide-03-768x375.png 768w\" sizes=\"auto, (max-width: 1024px) 100vw, 1024px\" \/><\/figure>\n<\/div><\/div>\n","protected":false},"excerpt":{"rendered":"<p>IL FAUT SAUVER LE MONDE Un escape game en format livre interactif, rempli d&#8217;\u00e9nigmes \u00e0 r\u00e9soudre seul ou en groupe. [&hellip;]<\/p>\n","protected":false},"author":1,"featured_media":0,"parent":0,"menu_order":0,"comment_status":"closed","ping_status":"closed","template":"","meta":{"_uag_custom_page_level_css":"","site-sidebar-layout":"no-sidebar","site-content-layout":"plain-container","ast-site-content-layout":"","site-content-style":"default","site-sidebar-style":"default","ast-global-header-display":"","ast-banner-title-visibility":"","ast-main-header-display":"","ast-hfb-above-header-display":"","ast-hfb-below-header-display":"","ast-hfb-mobile-header-display":"","site-post-title":"disabled","ast-breadcrumbs-content":"","ast-featured-img":"","footer-sml-layout":"","theme-transparent-header-meta":"enabled","adv-header-id-meta":"","stick-header-meta":"","header-above-stick-meta":"","header-main-stick-meta":"","header-below-stick-meta":"","astra-migrate-meta-layouts":"default","ast-page-background-enabled":"default","ast-page-background-meta":{"desktop":{"background-color":"var(--ast-global-color-4)","background-image":"","background-repeat":"repeat","background-position":"center center","background-size":"auto","background-attachment":"scroll","background-type":"","background-media":"","overlay-type":"","overlay-color":"","overlay-opacity":"","overlay-gradient":""},"tablet":{"background-color":"","background-image":"","background-repeat":"repeat","background-position":"center center","background-size":"auto","background-attachment":"scroll","background-type":"","background-media":"","overlay-type":"","overlay-color":"","overlay-opacity":"","overlay-gradient":""},"mobile":{"background-color":"","background-image":"","background-repeat":"repeat","background-position":"center center","background-size":"auto","background-attachment":"scroll","background-type":"","background-media":"","overlay-type":"","overlay-color":"","overlay-opacity":"","overlay-gradient":""}},"ast-content-background-meta":{"desktop":{"background-color":"var(--ast-global-color-5)","background-image":"","background-repeat":"repeat","background-position":"center center","background-size":"auto","background-attachment":"scroll","background-type":"","background-media":"","overlay-type":"","overlay-color":"","overlay-opacity":"","overlay-gradient":""},"tablet":{"background-color":"var(--ast-global-color-5)","background-image":"","background-repeat":"repeat","background-position":"center center","background-size":"auto","background-attachment":"scroll","background-type":"","background-media":"","overlay-type":"","overlay-color":"","overlay-opacity":"","overlay-gradient":""},"mobile":{"background-color":"var(--ast-global-color-5)","background-image":"","background-repeat":"repeat","background-position":"center center","background-size":"auto","background-attachment":"scroll","background-type":"","background-media":"","overlay-type":"","overlay-color":"","overlay-opacity":"","overlay-gradient":""}},"footnotes":""},"class_list":["post-7","page","type-page","status-publish","hentry"],"uagb_featured_image_src":{"full":false,"thumbnail":false,"medium":false,"medium_large":false,"large":false,"1536x1536":false,"2048x2048":false},"uagb_author_info":{"display_name":"lokd-admin","author_link":"https:\/\/lokd-games.com\/index.php\/author\/lokd-admin\/"},"uagb_comment_info":0,"uagb_excerpt":"IL FAUT SAUVER LE MONDE Un escape game en format livre interactif, rempli d&#8217;\u00e9nigmes \u00e0 r\u00e9soudre seul ou en groupe. [&hellip;]","_links":{"self":[{"href":"https:\/\/lokd-games.com\/index.php\/wp-json\/wp\/v2\/pages\/7","targetHints":{"allow":["GET"]}}],"collection":[{"href":"https:\/\/lokd-games.com\/index.php\/wp-json\/wp\/v2\/pages"}],"about":[{"href":"https:\/\/lokd-games.com\/index.php\/wp-json\/wp\/v2\/types\/page"}],"author":[{"embeddable":true,"href":"https:\/\/lokd-games.com\/index.php\/wp-json\/wp\/v2\/users\/1"}],"replies":[{"embeddable":true,"href":"https:\/\/lokd-games.com\/index.php\/wp-json\/wp\/v2\/comments?post=7"}],"version-history":[{"count":23,"href":"https:\/\/lokd-games.com\/index.php\/wp-json\/wp\/v2\/pages\/7\/revisions"}],"predecessor-version":[{"id":188,"href":"https:\/\/lokd-games.com\/index.php\/wp-json\/wp\/v2\/pages\/7\/revisions\/188"}],"wp:attachment":[{"href":"https:\/\/lokd-games.com\/index.php\/wp-json\/wp\/v2\/media?parent=7"}],"curies":[{"name":"wp","href":"https:\/\/api.w.org\/{rel}","templated":true}]}}